{"id":834,"date":"2025-09-25T19:54:10","date_gmt":"2025-09-25T17:54:10","guid":{"rendered":"https:\/\/blondynkawchmurze.pl\/?page_id=834"},"modified":"2025-09-25T20:00:33","modified_gmt":"2025-09-25T18:00:33","slug":"lista-przepisow-part-is","status":"publish","type":"page","link":"https:\/\/blondynkawchmurze.pl\/index.php\/lista-przepisow-part-is\/","title":{"rendered":"Lista przepis\u00f3w &#8211; Part-IS"},"content":{"rendered":"\n\n\n<h2 style=\"color: rgb(255, 153, 0);\">Przepisy europejskie<\/h2>\n\n\nRozporz\u0105dzenie delegowane Komisji (UE) 2022\/1645 z dnia 14 lipca 2022 r. ustanawiaj\u0105ce zasady stosowania rozporz\u0105dzenia Parlamentu Europejskiego i Rady (UE) 2018\/1139 w odniesieniu do wymaga\u0144 dotycz\u0105cych zarz\u0105dzania ryzykiem zwi\u0105zanym z bezpiecze\u0144stwem informacji o potencjalnym wp\u0142ywie na bezpiecze\u0144stwo lotnicze w odniesieniu do organizacji obj\u0119tych zakresem stosowania rozporz\u0105dze\u0144 Komisji (UE) nr 748\/2012 i (UE) nr 139\/2014 oraz zmieniaj\u0105ce rozporz\u0105dzenia Komisji (UE) nr 748\/2012 i (UE) nr 139\/2014\n\n\nRozporz\u0105dzenie wykonawcze Komisji (UE) 2023\/203 z dnia 27 pa\u017adziernika 2022 r. ustanawiaj\u0105ce zasady stosowania rozporz\u0105dzenia Parlamentu Europejskiego i Rady (UE) 2018\/1139 w kwestii wymaga\u0144 dotycz\u0105cych zarz\u0105dzania ryzykiem zwi\u0105zanym z bezpiecze\u0144stwem informacji o potencjalnym wp\u0142ywie na bezpiecze\u0144stwo lotnicze w odniesieniu do organizacji obj\u0119tych zakresem stosowania rozporz\u0105dze\u0144 Komisji (UE) nr 1321\/2014, (UE) nr 965\/2012, (UE) nr 1178\/2011, (UE) 2015\/340, rozporz\u0105dze\u0144 wykonawczych Komisji (UE) 2017\/373 i (UE) 2021\/664 oraz w\u0142a\u015bciwych organ\u00f3w obj\u0119tych zakresem stosowania rozporz\u0105dze\u0144 Komisji (UE) nr 748\/2012, (UE) nr 1321\/2014, (UE) nr 965\/2012, (UE) nr 1178\/2011, (UE) 2015\/340, rozporz\u0105dze\u0144 wykonawczych Komisji (UE) 2017\/373, (UE) nr 139\/2014 i (UE) 2021\/664 oraz zmieniaj\u0105ce rozporz\u0105dzenia Komisji (UE) nr 1178\/2011, (UE) nr 748\/2012, (UE) nr 965\/2012, (UE) nr 139\/2014, (UE) nr 1321\/2014, (UE) 2015\/340 oraz rozporz\u0105dzenia wykonawcze Komisji (UE) 2017\/373 i (UE) 2021\/664\n\n\n\n\n","protected":false},"excerpt":{"rendered":"","protected":false},"author":1,"featured_media":0,"parent":0,"menu_order":0,"comment_status":"closed","ping_status":"closed","template":"","meta":{"pagelayer_contact_templates":[],"_pagelayer_content":"","footnotes":""},"class_list":["post-834","page","type-page","status-publish","hentry"],"jetpack_sharing_enabled":true,"_links":{"self":[{"href":"https:\/\/blondynkawchmurze.pl\/index.php\/wp-json\/wp\/v2\/pages\/834","targetHints":{"allow":["GET"]}}],"collection":[{"href":"https:\/\/blondynkawchmurze.pl\/index.php\/wp-json\/wp\/v2\/pages"}],"about":[{"href":"https:\/\/blondynkawchmurze.pl\/index.php\/wp-json\/wp\/v2\/types\/page"}],"author":[{"embeddable":true,"href":"https:\/\/blondynkawchmurze.pl\/index.php\/wp-json\/wp\/v2\/users\/1"}],"replies":[{"embeddable":true,"href":"https:\/\/blondynkawchmurze.pl\/index.php\/wp-json\/wp\/v2\/comments?post=834"}],"version-history":[{"count":6,"href":"https:\/\/blondynkawchmurze.pl\/index.php\/wp-json\/wp\/v2\/pages\/834\/revisions"}],"predecessor-version":[{"id":848,"href":"https:\/\/blondynkawchmurze.pl\/index.php\/wp-json\/wp\/v2\/pages\/834\/revisions\/848"}],"wp:attachment":[{"href":"https:\/\/blondynkawchmurze.pl\/index.php\/wp-json\/wp\/v2\/media?parent=834"}],"curies":[{"name":"wp","href":"https:\/\/api.w.org\/{rel}","templated":true}]}}