{"id":827,"date":"2025-09-25T19:33:38","date_gmt":"2025-09-25T17:33:38","guid":{"rendered":"https:\/\/blondynkawchmurze.pl\/?page_id=827"},"modified":"2025-09-25T20:00:08","modified_gmt":"2025-09-25T18:00:08","slug":"lista-przepisow-ochrona-lotnictwa-cywilnego","status":"publish","type":"page","link":"https:\/\/blondynkawchmurze.pl\/index.php\/lista-przepisow-ochrona-lotnictwa-cywilnego\/","title":{"rendered":"Lista przepis\u00f3w &#8211; ochrona lotnictwa cywilnego"},"content":{"rendered":"\n\n\n<h2 style=\"color: rgb(255, 153, 0);\">Przepisy mi\u0119dzynarodowe<\/h2>\n\n\nKonwencja o mi\u0119dzynarodowym lotnictwie cywilnym, podpisana w Chicago dnia 7 grudnia 1944 r. (Konwencja Chicagowska)\n\n\nza\u0142\u0105cznik 17 do Konwencji Chicagowskiej\n\n\nKonwencja w sprawie przest\u0119pstw i niekt\u00f3ych innych czyn\u00f3w pope\u0142nionych na pok\u0142adzie statk\u00f3w powietrznych, sporz\u0105dzona w Tokio dnia 14 wrze\u015bnia 1963 r.\n\n\nKonwencja o zwalczaniu bezprawnie zaw\u0142adni\u0119cia statkami powietrznymi, sporz\u0105dzona w Hadze dnia 16 grudnia 1970 r.\n\n\nKonwencja o zwalczaniu bezprawnch czyn\u00f3w skierowanych przeciwko bezpiecze\u0144stwu lotnictwa cywilnego, sporz\u0105dzona w Montrealu dnia 23 wrze\u015bnia 1971 r.\n\n\n\n\n\n\n<h2 style=\"color: rgb(255, 153, 0);\">Przepisy europejskie<\/h2>\n\n\nRozporz\u0105dzenie Parlamentu Europejskiego i Rady (WE) nr 300\/2008 z dnia 11 marca 2008 r. w sprawie wsp\u00f3lnych zasad w dziedzinie ochrony lotnictwa cywilnego i uchylaj\u0105ca Rozporz\u0105dzenie (WE) nr 2320\/2002\n\n\nRozporz\u0105dzenie Wykonawcze Komisji (UE) 2015\/1998 z dnia 5 listopada 2015 r. ustanawiaj\u0105ce szczeg\u00f3\u0142owe \u015brodki w celu wprowadzenia w \u017cycie wsp\u00f3lnych podstawowych norm ochrony lotnictwa cywilnego\n\n\n\n\n\n\n<h2 style=\"color: rgb(255, 153, 0);\">Przepisy krajowe<\/h2>\n\n\nUstawa z dnia 3 lipca 2002 r. &#8211; Prawo lotnicze\n\n\nRozporz\u0105dzenie Ministra Infrastruktury z dnia 2 grudnia 2020 r. w sprawie Krajowego Programu Ochrony Lotnictwa Cywilnego\n\n\nRozporz\u0105dzenie Ministra Transportu, Budownictwa i Gospodarki Morskiej z dnia 15 marca 2013 r. w sprawie szczeg\u00f3\u0142owych wymaga\u0144 dotycz\u0105cych program\u00f3w ochrony w lotnictwie cywilnym\n\n\nRozporz\u0105dzenie Ministra Infrastruktury z dnia 5 listopada w sprawie Krajowego Programu Kontroli Jako\u015bci w zakresie ochrony lotnictwa cywilnego\n\n\nRozporz\u0105dzenie Ministra Infrastruktury z dnia 26 lipca 2021 r. w sprawie Krajowego Programu Szkolenia w zakresie ochrony lotnictwa cywilnego\n\n\n\n\n","protected":false},"excerpt":{"rendered":"","protected":false},"author":1,"featured_media":0,"parent":0,"menu_order":0,"comment_status":"closed","ping_status":"closed","template":"","meta":{"pagelayer_contact_templates":[],"_pagelayer_content":"","footnotes":""},"class_list":["post-827","page","type-page","status-publish","hentry"],"jetpack_sharing_enabled":true,"_links":{"self":[{"href":"https:\/\/blondynkawchmurze.pl\/index.php\/wp-json\/wp\/v2\/pages\/827","targetHints":{"allow":["GET"]}}],"collection":[{"href":"https:\/\/blondynkawchmurze.pl\/index.php\/wp-json\/wp\/v2\/pages"}],"about":[{"href":"https:\/\/blondynkawchmurze.pl\/index.php\/wp-json\/wp\/v2\/types\/page"}],"author":[{"embeddable":true,"href":"https:\/\/blondynkawchmurze.pl\/index.php\/wp-json\/wp\/v2\/users\/1"}],"replies":[{"embeddable":true,"href":"https:\/\/blondynkawchmurze.pl\/index.php\/wp-json\/wp\/v2\/comments?post=827"}],"version-history":[{"count":5,"href":"https:\/\/blondynkawchmurze.pl\/index.php\/wp-json\/wp\/v2\/pages\/827\/revisions"}],"predecessor-version":[{"id":847,"href":"https:\/\/blondynkawchmurze.pl\/index.php\/wp-json\/wp\/v2\/pages\/827\/revisions\/847"}],"wp:attachment":[{"href":"https:\/\/blondynkawchmurze.pl\/index.php\/wp-json\/wp\/v2\/media?parent=827"}],"curies":[{"name":"wp","href":"https:\/\/api.w.org\/{rel}","templated":true}]}}