{"id":775,"date":"2025-03-23T10:37:45","date_gmt":"2025-03-23T09:37:45","guid":{"rendered":"https:\/\/blondynkawchmurze.pl\/?page_id=775"},"modified":"2025-03-23T10:40:35","modified_gmt":"2025-03-23T09:40:35","slug":"lista-przepisow-ochrona-informacji-niejawnych","status":"publish","type":"page","link":"https:\/\/blondynkawchmurze.pl\/index.php\/lista-przepisow-ochrona-informacji-niejawnych\/","title":{"rendered":"Lista przepis\u00f3w &#8211; ochrona informacji niejawnych"},"content":{"rendered":"\n\n\n<h2 style=\"color: rgb(255, 153, 0);\">Lista przepis\u00f3w<\/h2>\n\n\nUstawa z dnia 5 sierpnia 2010 r. o ochronie informacji niejawnych\n\n\nRozporz\u0105dzenie Prezesa Rady Ministr\u00f3w z dnia 28 grudnia 2010 r. w sprawie wzor\u00f3w po\u015bwiadcze\u0144 bezpiecze\u0144stwa\n\n\nRozporz\u0105dzenie Prezesa Rady Ministr\u00f3w z dnia 28 grudnia 2010 r. w sprawie decyzji o odmowie wydania po\u015bwiadczenia bezpiecze\u0144stwa\n\n\nRozporz\u0105dzenie Prezesa Rady Ministr\u00f3w z dnia 28 grudnia 2010 r. w sprawie wzoru decyzji o cofni\u0119ciu po\u015bwiadczenia bezpiecze\u0144stwa\n\n\nRozporz\u0105dzenie Prezesa Rady Ministr\u00f3w z dnia 27 kwietnia 2011 r. w sprawie przygotowania i prowadzenia kontroli stanu zabezpieczenia informacji niejawnych\n\n\nRozporz\u0105dzenie Prezesa Rady Ministr\u00f3w z dnia 20 lipca 2011 r. w sprawie wzoru \u015bwiadectwa akredytacji bezpiecze\u0144stwa systemu teleinformatycznego\n\n\nRozporz\u0105dzenie Prezesa Rady Ministr\u00f3w z dnia 20 lipca 2011 r. w sprawie podstwowych wymaga\u0144 bezpiecze\u0144stwa teleinformatycznego\n\n\nRozporz\u0105dzenie Prezesa Rady Ministr\u00f3w z dnia 7 grudnia 2011 r. w sprawie nadawania, przyjmowania i ochrony materia\u0142\u00f3w zawieraj\u0105cych informacje niejawne\n\n\nRozporz\u0105dzenie Rady Ministr\u00f3w z dnia 7 grudnia 2011 r. w sprawie organizacji i funkcjonowania kancelarii tajnych oraz sposobu i trybu przetwarzania informacji niejawnych\n\n\nRozporz\u0105dzenie Prezesa Rady Ministr\u00f3w z dnia 22 grudnia 2011 r. w sprawie sposobu oznakowania materia\u0142\u00f3w i umieszczania na nich klauzuli tajno\u015bci\n\n\nRozporz\u0105dzenie Prezesa Rady Ministr\u00f3w z dnia 7 grudnia 2017 r. w sprawie przekazywania informacji, udost\u0119pniania dokument\u00f3w oraz udzielania pomocy s\u0142u\u017cbom i instytucjom uprawnionym do prowadzenia poszerzonych post\u0119powa\u0144 sprawdzaj\u0105cych, kontrolnych post\u0119powa\u0144 sprawdzaj\u0105cych oraz post\u0119powa\u0144 bezpiecze\u0144stwa przemys\u0142owego\n\n\nRozporz\u0105dzenie Rady Ministr\u00f3w z dnia 16 maja 2019 r. w sprawie wzorc\u00f3w kwestionariusza bezpiecze\u0144stwa przemys\u0142owego, \u015bwiadectwa bezpiecze\u0144stwa przemys\u0142owego, decyzji o odmowie wydania \u015bwiadectwa bezpiecze\u0144stwa przemys\u0142owego oraz decyzji o cofni\u0119ciu \u015bwiadectwa bezpiecze\u0144stwa przemys\u0142owego\n\n\nRozporz\u0105dzenie Prezesa Rady Ministr\u00f3w z dnia 9 lipca 2020 r. w sprawie op\u0142at za przeprowadzenie przez Agencj\u0119 Bezpiecze\u0144stwa Wewn\u0119trznego oraz S\u0142u\u017cb\u0119 Kontrwywiadu Wojskowego czynno\u015bci z zakresu bezpiecze\u0144stwa teleinformatycznego\n\n\nRozporz\u0105dzenie Prezesa Rady Ministr\u00f3w z dnia 9 lipca 2020 r. w sprawie wzor\u00f3w za\u015bwiadcze\u0144 stwierdzaj\u0105cych odbycie szkolenia w zakresie ochrony informacji niejawnych oraz sposobu rozliczania koszt\u00f3w przeprowadzenia szkolenia przez Agencj\u0119 Bezpiecze\u0144stwa Wewn\u0119trznego lub S\u0142u\u017cb\u0119 Kontrwywiadu Wojskowego\n\n\nRozporz\u0105dzenie Prezesa Rady Ministr\u00f3w z dnia 13 stycznia 2021 r. w sprawie wysoko\u015bci i trybu zwrotu zrycza\u0142towanych koszt\u00f3w poniesionych przez Agencj\u0119 Bezpiecze\u0144stwa Wewn\u0119trznego albo S\u0142u\u017cb\u0119 Kontrwywiadu Wojskowego za przeprowadzenie sprawdzenia przedsi\u0119biorcy oraz post\u0119powa\u0144 sprawdzaj\u0105cych\n\n\n\n\n","protected":false},"excerpt":{"rendered":"","protected":false},"author":1,"featured_media":0,"parent":0,"menu_order":0,"comment_status":"closed","ping_status":"closed","template":"","meta":{"pagelayer_contact_templates":[],"_pagelayer_content":"","footnotes":""},"class_list":["post-775","page","type-page","status-publish","hentry"],"jetpack_sharing_enabled":true,"_links":{"self":[{"href":"https:\/\/blondynkawchmurze.pl\/index.php\/wp-json\/wp\/v2\/pages\/775","targetHints":{"allow":["GET"]}}],"collection":[{"href":"https:\/\/blondynkawchmurze.pl\/index.php\/wp-json\/wp\/v2\/pages"}],"about":[{"href":"https:\/\/blondynkawchmurze.pl\/index.php\/wp-json\/wp\/v2\/types\/page"}],"author":[{"embeddable":true,"href":"https:\/\/blondynkawchmurze.pl\/index.php\/wp-json\/wp\/v2\/users\/1"}],"replies":[{"embeddable":true,"href":"https:\/\/blondynkawchmurze.pl\/index.php\/wp-json\/wp\/v2\/comments?post=775"}],"version-history":[{"count":8,"href":"https:\/\/blondynkawchmurze.pl\/index.php\/wp-json\/wp\/v2\/pages\/775\/revisions"}],"predecessor-version":[{"id":843,"href":"https:\/\/blondynkawchmurze.pl\/index.php\/wp-json\/wp\/v2\/pages\/775\/revisions\/843"}],"wp:attachment":[{"href":"https:\/\/blondynkawchmurze.pl\/index.php\/wp-json\/wp\/v2\/media?parent=775"}],"curies":[{"name":"wp","href":"https:\/\/api.w.org\/{rel}","templated":true}]}}