{"id":773,"date":"2025-03-23T09:51:42","date_gmt":"2025-03-23T08:51:42","guid":{"rendered":"https:\/\/blondynkawchmurze.pl\/?page_id=773"},"modified":"2025-03-23T09:55:24","modified_gmt":"2025-03-23T08:55:24","slug":"lista-przepisow-ochrona-danych-osobowych","status":"publish","type":"page","link":"https:\/\/blondynkawchmurze.pl\/index.php\/lista-przepisow-ochrona-danych-osobowych\/","title":{"rendered":"Lista przepis\u00f3w &#8211; ochrona danych osobowych"},"content":{"rendered":"\n\n\n<h2 style=\"color: rgb(255, 153, 0);\">Przepisy europejskie i krajowe<\/h2>\n\n\nRozporz\u0105dzenie Parlamentu Europejskiego i Rady (UE) 2016\/679 z dnia 27 kwietnia 2016 r. w sprawie ochrony os\u00f3b fizycznych w zwi\u0105zku z przetwarzaniem danych osobowych i w sprawie swobodnego przep\u0142ywu takich danych oraz uchylenie dyrektywy 95\/46\/WE\n\n\nDyrektywa Parlamentu Europejskiego i Rady (UE) 2016\/680 z dnia 27 kwietnia 2016 r. w sprawie ochrony os\u00f3b fizycznych w zwi\u0105zku z przetwarzaniem danych osobowych przez w\u0142a\u015bciwe organy do cel\u00f3w zapobiegania przest\u0119pczo\u015bci, prowadzenia post\u0119powa\u0144 przygotowawczych, wykrywania i \u015bcigania czyn\u00f3w zabronionych i wykonywania kar, w sprawie swobodnego przep\u0142ywu takich danych oraz uchylaj\u0105ca decyzj\u0119 Rady 2008\/977\/WSiSW\n\n\nDyrektywa Parlamentu Europejskiego i Rady (UE) 2019\/1937 z dnia 23 pa\u017adziernika 2019 r. w sprawie ochrony os\u00f3b zg\u0142aszaj\u0105cych naruszenia prawa Unii\n\n\nUstawa z dnia 10 maja 2018 r. o ochronie danych osobowych\n\n\nUstawa z dnia 14 grudnia 2018 r. o ochronie danych osobowych przetwarzanych w zwi\u0105zku z zapewnieniem i zwalczaniem przest\u0119pczo\u015bci\n\n\nUstawa z dnia 21 lutego 2019 r. o zmianie niekt\u00f3rych ustaw w zwi\u0105zku z zapewnieniem stosowania rozporz\u0105dzenia Parlamentu Europejskiego i Rady (UE) 2016\/679 z dnia 27 kwietnia 2016 r. w sprawie ochrony os\u00f3b fizycznych w zwi\u0105zku z przetwarzaniem danych osobowych i w sprawie swobodnego przep\u0142ywu takich danych oraz uchylenia dyrektywy 95\/46\/WE\n\n\nUstawa z dnia 14 czerwca 2024 r. o ochronie sygnalist\u00f3w\n\n\nRozporz\u0105dzenie Rady Ministr\u00f3w z dnia 20 marca 2019 r. w sprawie wzoru legitymacji s\u0142u\u017cbowej pracownika Urz\u0119du Ochrony Danych Osobowych\n\n\nRozporz\u0105dzenie Prezesa Rady Ministr\u00f3w z dnia 31 maja 2019 r. w sprawie trybu i sposobu realizacji zada\u0144 przez inspektora ochrony danych osobowych\n\n\n\n\n\n\n<h2 style=\"color: rgb(255, 153, 0);\">Lista Komunikat\u00f3w Prezesa Urz\u0119du Ochrony Danych Osobowych<\/h2>\n\n\nKomunikat Prezesa Urz\u0119du Ochrony Danych Osobowych z dnia 17 sierpnia 2018 r. w sprawie wykazu rodzaj\u00f3w operacji przetwarzania danych osobowych wymagaj\u0105cych oceny skutk\u00f3w przetwarzania dla ich ochrony\n\n\nKomunikat Prezesa Urz\u0119du Ochrony Danych Osobowych z dnia 17 czerwca 2019 r. w sprawie wykazu rodzaj\u00f3w operacji przetwarzania danych osobowych wymagaj\u0105cych oceny skutk\u00f3w przetwarzania dla ich ochrony\n\n\n\n\n","protected":false},"excerpt":{"rendered":"","protected":false},"author":1,"featured_media":0,"parent":0,"menu_order":0,"comment_status":"closed","ping_status":"closed","template":"","meta":{"pagelayer_contact_templates":[],"_pagelayer_content":"","footnotes":""},"class_list":["post-773","page","type-page","status-publish","hentry"],"jetpack_sharing_enabled":true,"_links":{"self":[{"href":"https:\/\/blondynkawchmurze.pl\/index.php\/wp-json\/wp\/v2\/pages\/773","targetHints":{"allow":["GET"]}}],"collection":[{"href":"https:\/\/blondynkawchmurze.pl\/index.php\/wp-json\/wp\/v2\/pages"}],"about":[{"href":"https:\/\/blondynkawchmurze.pl\/index.php\/wp-json\/wp\/v2\/types\/page"}],"author":[{"embeddable":true,"href":"https:\/\/blondynkawchmurze.pl\/index.php\/wp-json\/wp\/v2\/users\/1"}],"replies":[{"embeddable":true,"href":"https:\/\/blondynkawchmurze.pl\/index.php\/wp-json\/wp\/v2\/comments?post=773"}],"version-history":[{"count":7,"href":"https:\/\/blondynkawchmurze.pl\/index.php\/wp-json\/wp\/v2\/pages\/773\/revisions"}],"predecessor-version":[{"id":842,"href":"https:\/\/blondynkawchmurze.pl\/index.php\/wp-json\/wp\/v2\/pages\/773\/revisions\/842"}],"wp:attachment":[{"href":"https:\/\/blondynkawchmurze.pl\/index.php\/wp-json\/wp\/v2\/media?parent=773"}],"curies":[{"name":"wp","href":"https:\/\/api.w.org\/{rel}","templated":true}]}}