{"id":728,"date":"2025-03-15T11:28:06","date_gmt":"2025-03-15T10:28:06","guid":{"rendered":"https:\/\/blondynkawchmurze.pl\/?page_id=728"},"modified":"2026-01-05T13:14:13","modified_gmt":"2026-01-05T12:14:13","slug":"narzedziownik","status":"publish","type":"page","link":"https:\/\/blondynkawchmurze.pl\/index.php\/narzedziownik\/","title":{"rendered":"Narz\u0119dziownik"},"content":{"rendered":"\n\n\n<h2 style=\"color: rgb(255, 153, 0);\">Materia\u0142y do przeczytania<\/h2>\n\n\nPublikacje NIST dotycz\u0105ce bezpiecze\u0144stwa informacji\n\n\nNarodowe Standardy Cyberbezpiecze\u0144stwa\n\nCIS Critical Security  Controls Version 8.1\n\n\n\n\n\n<h2 style=\"color: rgb(255, 153, 0);\">Platformy edukacyjne<\/h2>\n\n\nNASK &#8211; OSE IT Szko\u0142a\n\nPAP Fake Hunter &#8211; portal dotycz\u0105cy dezinformacji\n\nMicrosoft Learning\n\n\nEUROCONTROL Learning Zone\n\n\n\n\n\n\n<h2 style=\"color: rgb(255, 153, 0);\">Ciekawe narz\u0119dzi<\/h2>\n\n\nMoje CERT\n\nBadanie dojrza\u0142o\u015bci w zakersie cyberbezpiecze\u0144stwa\nMITRE\nCVE &#8211; lista podatno\u015bci i zagro\u017ce\u0144\nMX Tool Box &#8211; narz\u0119dzie do sprawdzania i pe\u0142nej analizy ustawie\u0144 DNS i ca\u0142ek domeny pod k\u0105tem b\u0142\u0119d\u00f3w\nfilesec.io &#8211; lista rozszerze\u0144 plik\u00f3w u\u017cywanych przy atakach\nVirus Total\nLista Ostrze\u017ce\u0144 CERT Polska przed niebezpiecznymi stronami\nRejestr nazw us\u0142ug i numer\u00f3w port\u00f3w protoko\u0142u transportowego\n\n\n\n\n\n<h2 style=\"color: rgb(255, 153, 0);\">Ciekawe portale i strony internetowe<\/h2>\n\nPortal Gov.pl &#8211; Serwis Rzeczypospolitej Polskiej\n\nCERT Polska\n\nNASK\nUrz\u0105d Ochrony Danych Osobowych (UODO)\nCentralne Biuro Zwalczania Cyberprzest\u0119pczo\u015bci\nNational Cyber Security Centre (UK NCSC)\nCybersecurity and Infrastructure Security Agency (US CISA)\nAgencja UE ds. Cyberbezpiecze\u0144stwa (ENISA)\nEuropejska Rada Ochrony Danych Osobowych (EROD)\nEuropejski Inspektor Ochrony Danych Osobowych (EIOD\/EDPS)\n\n\n\n\n\n<h2 style=\"color: rgb(255, 153, 0);\">Incydenty i podatno\u015bci<\/h2>\n\n\nCERT Polska &#8211; zg\u0142o\u015b incydent\n\nCERT Polska &#8211; zg\u0142aszanie i obs\u0142uga podatno\u015bci\n\nUODO &#8211; zg\u0142aszanie narusze\u0144 ochrony danych osobowych\n\nPAP &#8211; zg\u0142aszanie do weryfikacji informacji, kt\u00f3ra mo\u017ce by\u0107 fa\u0142szywa\n\n\n\n\n\n<h2 style=\"color: rgb(255, 153, 0);\">Dedykowane dla podsektora lotnictwa cywilnego<\/h2>\n\n\nUrz\u0105d Lotnictwa Cywilnego &#8211; cyberbezpiecze\u0144stwo podmiot\u00f3w lotniczych\n\n\nLotnicza spo\u0142eczno\u015b\u0107 EASA\n\nEASA Part-IS Easy Access Rules\nECCAIRS &#8211; zg\u0142aszanie zdarze\u0144 lotniczych\n\n\n\n\n\n<h2 style=\"color: rgb(255, 153, 0);\">Listy przepis\u00f3w<\/h2>\n\nPrzepisy dotycz\u0105ce ochrony danych osobowych\nPrzepisy dotycz\u0105ce ochrony informacji niejawnych\n\n\n\n\n\n<h2 style=\"color: rgb(255, 153, 0);\">Legislacja<\/h2>\n\nProces stanowienia prawa w Polsce\nProces stanowienia prawa w UE\n\n\n\n","protected":false},"excerpt":{"rendered":"","protected":false},"author":1,"featured_media":0,"parent":0,"menu_order":0,"comment_status":"closed","ping_status":"closed","template":"","meta":{"pagelayer_contact_templates":[],"_pagelayer_content":"","footnotes":""},"class_list":["post-728","page","type-page","status-publish","hentry"],"jetpack_sharing_enabled":true,"_links":{"self":[{"href":"https:\/\/blondynkawchmurze.pl\/index.php\/wp-json\/wp\/v2\/pages\/728","targetHints":{"allow":["GET"]}}],"collection":[{"href":"https:\/\/blondynkawchmurze.pl\/index.php\/wp-json\/wp\/v2\/pages"}],"about":[{"href":"https:\/\/blondynkawchmurze.pl\/index.php\/wp-json\/wp\/v2\/types\/page"}],"author":[{"embeddable":true,"href":"https:\/\/blondynkawchmurze.pl\/index.php\/wp-json\/wp\/v2\/users\/1"}],"replies":[{"embeddable":true,"href":"https:\/\/blondynkawchmurze.pl\/index.php\/wp-json\/wp\/v2\/comments?post=728"}],"version-history":[{"count":28,"href":"https:\/\/blondynkawchmurze.pl\/index.php\/wp-json\/wp\/v2\/pages\/728\/revisions"}],"predecessor-version":[{"id":864,"href":"https:\/\/blondynkawchmurze.pl\/index.php\/wp-json\/wp\/v2\/pages\/728\/revisions\/864"}],"wp:attachment":[{"href":"https:\/\/blondynkawchmurze.pl\/index.php\/wp-json\/wp\/v2\/media?parent=728"}],"curies":[{"name":"wp","href":"https:\/\/api.w.org\/{rel}","templated":true}]}}