{"id":281,"date":"2022-09-18T20:00:34","date_gmt":"2022-09-18T18:00:34","guid":{"rendered":"https:\/\/blondynkawchmurze.pl\/?page_id=281"},"modified":"2025-07-05T09:02:39","modified_gmt":"2025-07-05T07:02:39","slug":"start","status":"publish","type":"page","link":"https:\/\/blondynkawchmurze.pl\/","title":{"rendered":"Start"},"content":{"rendered":"\n\n\n<p style=\"text-align: justify;\">Moja przygoda z bezpiecze\u0144stwem informacji rozpocz\u0119\u0142a si\u0119 w po\u0142owie 2016 roku. To wtedy rozpocz\u0119\u0142am prac\u0119 w zespole zajmuj\u0105cym si\u0119 ochron\u0105 informacji niejawnych i danych osobowych. Pocz\u0105tkowo zajmowa\u0142am si\u0119 tylko ochron\u0105 informacji niejawnych. Jednak z biegiem czasu zacz\u0119\u0142y dochodzi\u0107 zadania zwi\u0105zane z ochron\u0105 danych osobowych. Od 2018 roku sta\u0142y si\u0119 one g\u0142\u00f3wnym obiektem moich zainteresowa\u0144 zawodowych.&nbsp;<\/p>\n<p><br><\/p>\n<p style=\"text-align: justify;\">Pandemia koronawirusa popchn\u0119\u0142a mnie w kierunku cyberbezpiecze\u0144stwa. Decyzj\u0105 moich prze\u0142o\u017conych z dniem 1 stycznia 2022 roku rozpocz\u0119\u0142am prac\u0119 na stanowisku starszego specjalisty zajmuj\u0105cym si\u0119 bezpiecze\u0144stwem teleinformacyjnym.<\/p>\n<p><br><\/p>\n<p style=\"text-align: justify;\">Z wykszta\u0142cenia nie jestem informatykiem. Uko\u0144czy\u0142am studia magisterskie na kierunku Bezpiecze\u0144stwo Narodowe specjalno\u015b\u0107 Zarz\u0105dzanie Kryzysowe (na Akademii Obrony Narodowej &#8211; obecnie Akademia Sztuki Wojennej) oraz Prawo w Biznesie (na Uczelni \u0141azarskiego). Ale w wolnych chwilach anga\u017cowa\u0142am si\u0119 w projekty zwi\u0105zane z przeciwdzia\u0142aniem wykluczeniu cyfrowemu oraz edukacj\u0105 cyfrow\u0105, szczeg\u00f3lnie w\u015br\u00f3d Senior\u00f3w, jak r\u00f3wnie\u017c zwi\u0105zane z histori\u0105, kultur\u0105.&nbsp;<\/p>\n<p><br><\/p>\n<p style=\"text-align: justify;\">M\u00f3j blog nie b\u0119dzie typowo technicznym blogiem opowiadaj\u0105cym o r\u00f3\u017cnych zagadnieniach z obszaru bezpiecze\u0144stwa informacji w lotnictwie cywilnym, w tym ochrony danych osobowych i cyberbezpiecze\u0144stwa. Zamierzam pisa\u0107 nie-technicznym j\u0119zykiem o sprawach technicznych dla nie-technicznych u\u017cytkownik\u00f3w cyber\u015bwiata, jak r\u00f3wnie\u017c o mojej drodze &#8211; zwyk\u0142ego User&#8217;a w \u015bwiecie informatyki.&nbsp;<\/p>\n<p><br><\/p>\n<p style=\"text-align: left;\">\u017bycz\u0119 mi\u0142ej lektury!<\/p>\n<p><br><\/p>\n<p><br><\/p>\n<p><br><\/p>\n<p><br><\/p>\n<p><br><\/p>\n<p style=\"text-align: justify;\"><sub>Ps. Wszystkie tre\u015bci opublikowane na stronie &#8220;Blondynka w chmurze&#8221; nie s\u0105 oficjalnymi stanowiskami Prezesa Urz\u0119du Lotnictwa Cywilnego, WELCOME Airport Services oraz Prezesa Urz\u0119du Ochrony Danych Osobowych, a wy\u0142\u0105cznie prywatnymi opiniami autorki, kt\u00f3re powsta\u0142y z poszanowaniem wszelkich zasad etycznych zwi\u0105zanych z Korpusem S\u0142u\u017cby Cywilnej oraz bezpiecze\u0144stwem informacji, w tym zasadami dotycz\u0105cymi ochrony tajemnicy przedsi\u0119biorstwa WELCOME czy poufno\u015bci informacji. <\/sub><\/p>\n<p style=\"text-align: justify;\"><sub>Je\u017celi interesuje Ci\u0119 oficjalne stanowisko Prezesa Urz\u0119du Lotnictwa Cywilnego na temat bezpiecze\u0144stwa informacji, w tym cyberbezpiecze\u0144stwa, podmiot\u00f3w lotniczych &#8211; skontaktuj si\u0119 z Rzecznikiem Prasowym Urz\u0119du Lotnictwa Cywilnego (<a href=\"www.ulc.gov.pl\" style=\"\">www.ulc.gov.pl) .<\/a>&nbsp;Natomiast, je\u017celi masz pytania na temat ochrony danych osobowych skontaktuj si\u0119 w Prezesem Urz\u0119du Danych Osobowych (<a href=\"www.uodo.gov.pl\">www.uodo.gov.pl<\/a>). W przypadku pyta\u0144 dotycz\u0105cych dzia\u0142alno\u015bci WELCOME Airport Services &#8211;&nbsp;<a href=\"https:\/\/www.welcome-as.pl\/pl  \">https:\/\/www.welcome-as.pl\/pl  <\/a><\/sub><\/p>\n\n\n","protected":false},"excerpt":{"rendered":"","protected":false},"author":1,"featured_media":0,"parent":0,"menu_order":0,"comment_status":"closed","ping_status":"closed","template":"","meta":{"pagelayer_contact_templates":[],"_pagelayer_content":"","footnotes":""},"class_list":["post-281","page","type-page","status-publish","hentry"],"jetpack_sharing_enabled":true,"_links":{"self":[{"href":"https:\/\/blondynkawchmurze.pl\/index.php\/wp-json\/wp\/v2\/pages\/281","targetHints":{"allow":["GET"]}}],"collection":[{"href":"https:\/\/blondynkawchmurze.pl\/index.php\/wp-json\/wp\/v2\/pages"}],"about":[{"href":"https:\/\/blondynkawchmurze.pl\/index.php\/wp-json\/wp\/v2\/types\/page"}],"author":[{"embeddable":true,"href":"https:\/\/blondynkawchmurze.pl\/index.php\/wp-json\/wp\/v2\/users\/1"}],"replies":[{"embeddable":true,"href":"https:\/\/blondynkawchmurze.pl\/index.php\/wp-json\/wp\/v2\/comments?post=281"}],"version-history":[{"count":18,"href":"https:\/\/blondynkawchmurze.pl\/index.php\/wp-json\/wp\/v2\/pages\/281\/revisions"}],"predecessor-version":[{"id":819,"href":"https:\/\/blondynkawchmurze.pl\/index.php\/wp-json\/wp\/v2\/pages\/281\/revisions\/819"}],"wp:attachment":[{"href":"https:\/\/blondynkawchmurze.pl\/index.php\/wp-json\/wp\/v2\/media?parent=281"}],"curies":[{"name":"wp","href":"https:\/\/api.w.org\/{rel}","templated":true}]}}